{"id":4252,"date":"2024-05-29T15:15:32","date_gmt":"2024-05-29T19:15:32","guid":{"rendered":"https:\/\/aiplife.com\/socios-estrategicos\/"},"modified":"2026-01-08T13:18:44","modified_gmt":"2026-01-08T18:18:44","slug":"socios-estrategicos","status":"publish","type":"page","link":"https:\/\/aiplife.com\/es\/socios-estrategicos\/","title":{"rendered":"Socios Estrat\u00e9gicos"},"content":{"rendered":"\n<div class=\"wp-block-uagb-container uagb-block-6c7acc9c alignfull uagb-is-root-container\"><div class=\"uagb-container-inner-blocks-wrap\">\n<div class=\"wp-block-uagb-info-box uagb-block-2bfeb886 uagb-infobox__content-wrap  uagb-infobox-icon-above-title uagb-infobox-image-valign-top\"><div class=\"uagb-ifb-content\"><div class=\"uagb-ifb-title-wrap\"><h1 class=\"uagb-ifb-title\">Hazte Socio Estrat\u00e9gico de AIP<\/h1><\/div><\/div><\/div>\n<\/div><\/div>\n\n<div class=\"wp-block-uagb-container uagb-block-c87af3ee alignfull uagb-is-root-container\"><div class=\"uagb-container-inner-blocks-wrap\">\n<div class=\"wp-block-uagb-advanced-heading uagb-block-375ba48f\"><div class=\"uagb-separator\"><\/div><h2 class=\"uagb-heading-text\">Elevaando la Excelencia en Asesoramiento<\/h2><\/div>\n\n\n\n<div class=\"wp-block-uagb-advanced-heading uagb-block-212933ab\"><h6 class=\"uagb-heading-text\">Nuestro Objetivo<\/h6><p class=\"uagb-desc-text\">Nuestro objetivo es crear mejores resultados empresariales para nuestros socios estrat\u00e9gicos. Mediante un asesoramiento integrado en los procesos de nuestros socios, aumentamos el valor para el cliente, aceleramos el crecimiento de la empresa y mejoramos la rentabilidad a largo plazo. <\/p><\/div>\n\n\n\n<div class=\"wp-block-uagb-advanced-heading uagb-block-1f5ab91a\"><h6 class=\"uagb-heading-text\">Nuestras Convicciones<\/h6><p class=\"uagb-desc-text\">Mantener la competitividad como empresa de asesoramiento profesional es cada vez m\u00e1s dif\u00edcil. Los enfoques tradicionales ya no funcionan. En AIP somos pioneros en un enfoque m\u00e1s eficaz, porque la capacidad de tu empresa para destacar y mantener la rentabilidad nos importa mucho.   <\/p><\/div>\n<\/div><\/div>\n\n<div class=\"wp-block-uagb-container uagb-block-5fdbf67f alignfull uagb-is-root-container\"><div class=\"uagb-container-inner-blocks-wrap\">\n<div class=\"wp-block-uagb-buttons uagb-buttons__outer-wrap uagb-btn__default-btn uagb-btn-tablet__default-btn uagb-btn-mobile__default-btn uagb-block-f7202940\"><div class=\"uagb-buttons__wrap uagb-buttons-layout-wrap \">\n<div class=\"wp-block-uagb-buttons-child uagb-buttons__outer-wrap uagb-block-4dae0515 wp-block-button\"><div class=\"uagb-button__wrapper\"><a class=\"uagb-buttons-repeater wp-block-button__link\" aria-label=\"\" href=\"https:\/\/aiplife.com\/es\/ponte-en-contacto-con\/\" rel=\"follow noopener\" target=\"_self\" role=\"button\"><div class=\"uagb-button__link\">contacta con nosotros<\/div><\/a><\/div><\/div>\n<\/div><\/div>\n<\/div><\/div>\n\n<div class=\"wp-block-uagb-advanced-heading uagb-block-c4d5bc0f\"><div class=\"uagb-separator\"><\/div><h2 class=\"uagb-heading-text\">Socios Estrat\u00e9gicos AIP<\/h2><p class=\"uagb-desc-text\">Buscamos asociarnos con asesores financieros, contables y abogados selectos que est\u00e9n orientados a los procesos e impulsados a crecer a trav\u00e9s de la diferenciaci\u00f3n. Nos interesa algo m\u00e1s que una relaci\u00f3n de referencia: nuestros socios consideran AIP una extensi\u00f3n integral de su propia empresa. <br \/><br \/>Entre nuestros socios estrat\u00e9gicos se encuentran empresas de servicios profesionales establecidas, como bufetes de abogados, empresas de contabilidad y asesores de inversi\u00f3n registrados, que pueden estar experimentando una serie de retos que AIP puede ayudar a superar.<\/p><\/div>\n\n<div class=\"wp-block-uagb-container uagb-block-d0290fb1 alignfull uagb-is-root-container\"><div class=\"uagb-container-inner-blocks-wrap\">\n<div class=\"wp-block-uagb-info-box uagb-block-43642cab uagb-infobox__content-wrap  uagb-infobox-icon-above-title uagb-infobox-image-valign-top\"><div class=\"uagb-ifb-content\"><div class=\"uagb-ifb-title-wrap\"><h2 class=\"uagb-ifb-title\">Si te interesa saber m\u00e1s sobre c\u00f3mo AIP puede ayudar a tu empresa a obtener mejores resultados empresariales, haz clic a continuaci\u00f3n.<\/h2><\/div><\/div><\/div>\n\n\n\n<div class=\"wp-block-uagb-buttons uagb-buttons__outer-wrap uagb-btn__default-btn uagb-btn-tablet__default-btn uagb-btn-mobile__default-btn uagb-block-2d37d435\"><div class=\"uagb-buttons__wrap uagb-buttons-layout-wrap \">\n<div class=\"wp-block-uagb-buttons-child uagb-buttons__outer-wrap uagb-block-9b1392a9 wp-block-button\"><div class=\"uagb-button__wrapper\"><a class=\"uagb-buttons-repeater wp-block-button__link\" aria-label=\"\" href=\"https:\/\/aiplife.com\/es\/asociate-con-asesores-de-seguros-profesionales\/#sp-contact-form\" rel=\"follow noopener\" target=\"_self\" role=\"button\"><div class=\"uagb-button__link\">Programar una reuni\u00f3n<\/div><\/a><\/div><\/div>\n<\/div><\/div>\n<\/div><\/div>\n","protected":false},"excerpt":{"rendered":"<p>Elevaando la Excelencia en Asesoramiento Nuestro Objetivo Nuestro objetivo es crear mejores resultados empresariales para nuestros socios estrat\u00e9gicos. Mediante un asesoramiento integrado en los procesos de nuestros socios, aumentamos el valor para el cliente, aceleramos el crecimiento de la empresa y mejoramos la rentabilidad a largo plazo. Nuestras Convicciones Mantener la competitividad como empresa de [&hellip;]<\/p>\n","protected":false},"author":251215881,"featured_media":0,"parent":0,"menu_order":0,"comment_status":"closed","ping_status":"closed","template":"","meta":{"_crdt_document":"","_uag_custom_page_level_css":"","site-sidebar-layout":"default","site-content-layout":"","ast-site-content-layout":"default","site-content-style":"default","site-sidebar-style":"default","ast-global-header-display":"","ast-banner-title-visibility":"","ast-main-header-display":"","ast-hfb-above-header-display":"","ast-hfb-below-header-display":"","ast-hfb-mobile-header-display":"","site-post-title":"","ast-breadcrumbs-content":"","ast-featured-img":"","footer-sml-layout":"","ast-disable-related-posts":"","theme-transparent-header-meta":"","adv-header-id-meta":"","stick-header-meta":"","header-above-stick-meta":"","header-main-stick-meta":"","header-below-stick-meta":"","astra-migrate-meta-layouts":"default","ast-page-background-enabled":"default","ast-page-background-meta":{"desktop":{"background-color":"var(--ast-global-color-4)","background-image":"","background-repeat":"repeat","background-position":"center center","background-size":"auto","background-attachment":"scroll","background-type":"","background-media":"","overlay-type":"","overlay-color":"","overlay-opacity":"","overlay-gradient":""},"tablet":{"background-color":"","background-image":"","background-repeat":"repeat","background-position":"center center","background-size":"auto","background-attachment":"scroll","background-type":"","background-media":"","overlay-type":"","overlay-color":"","overlay-opacity":"","overlay-gradient":""},"mobile":{"background-color":"","background-image":"","background-repeat":"repeat","background-position":"center center","background-size":"auto","background-attachment":"scroll","background-type":"","background-media":"","overlay-type":"","overlay-color":"","overlay-opacity":"","overlay-gradient":""}},"ast-content-background-meta":{"desktop":{"background-color":"var(--ast-global-color-5)","background-image":"","background-repeat":"repeat","background-position":"center center","background-size":"auto","background-attachment":"scroll","background-type":"","background-media":"","overlay-type":"","overlay-color":"","overlay-opacity":"","overlay-gradient":""},"tablet":{"background-color":"var(--ast-global-color-5)","background-image":"","background-repeat":"repeat","background-position":"center center","background-size":"auto","background-attachment":"scroll","background-type":"","background-media":"","overlay-type":"","overlay-color":"","overlay-opacity":"","overlay-gradient":""},"mobile":{"background-color":"var(--ast-global-color-5)","background-image":"","background-repeat":"repeat","background-position":"center center","background-size":"auto","background-attachment":"scroll","background-type":"","background-media":"","overlay-type":"","overlay-color":"","overlay-opacity":"","overlay-gradient":""}},"footnotes":""},"class_list":["post-4252","page","type-page","status-publish","hentry"],"yoast_head":"<!-- This site is optimized with the Yoast SEO plugin v27.4 - https:\/\/yoast.com\/product\/yoast-seo-wordpress\/ -->\n<title>Hazte socio estrat\u00e9gico de AIP - Advanced Insurance Planning<\/title>\n<meta name=\"description\" content=\"As\u00f3ciate con AIP para mejorar el valor para el cliente, aumentar los ingresos e incrementar la rentabilidad. Eleva tu pr\u00e1ctica de asesoramiento con AIP. Ponte en contacto con nosotros\" \/>\n<meta name=\"robots\" content=\"index, follow, max-snippet:-1, max-image-preview:large, max-video-preview:-1\" \/>\n<link rel=\"canonical\" href=\"https:\/\/aiplife.com\/es\/socios-estrategicos\/\" \/>\n<meta property=\"og:locale\" content=\"es_ES\" \/>\n<meta property=\"og:type\" content=\"article\" \/>\n<meta property=\"og:title\" content=\"Hazte socio estrat\u00e9gico de AIP - Advanced Insurance Planning\" \/>\n<meta property=\"og:description\" content=\"As\u00f3ciate con AIP para mejorar el valor para el cliente, aumentar los ingresos e incrementar la rentabilidad. Eleva tu pr\u00e1ctica de asesoramiento con AIP. Ponte en contacto con nosotros\" \/>\n<meta property=\"og:url\" content=\"https:\/\/aiplife.com\/es\/socios-estrategicos\/\" \/>\n<meta property=\"og:site_name\" content=\"Advanced Insurance Planning\" \/>\n<meta property=\"article:publisher\" content=\"https:\/\/www.facebook.com\/people\/AIP-Advanced-Insurance-Planning\/61559795111656\/\" \/>\n<meta property=\"article:modified_time\" content=\"2026-01-08T18:18:44+00:00\" \/>\n<meta name=\"twitter:card\" content=\"summary_large_image\" \/>\n<meta name=\"twitter:label1\" content=\"Tiempo de lectura\" \/>\n\t<meta name=\"twitter:data1\" content=\"1 minuto\" \/>\n<script type=\"application\/ld+json\" class=\"yoast-schema-graph\">{\"@context\":\"https:\\\/\\\/schema.org\",\"@graph\":[{\"@type\":\"WebPage\",\"@id\":\"https:\\\/\\\/aiplife.com\\\/es\\\/socios-estrategicos\\\/\",\"url\":\"https:\\\/\\\/aiplife.com\\\/es\\\/socios-estrategicos\\\/\",\"name\":\"Hazte socio estrat\u00e9gico de AIP - Advanced Insurance Planning\",\"isPartOf\":{\"@id\":\"https:\\\/\\\/aiplife.com\\\/es\\\/#website\"},\"datePublished\":\"2024-05-29T19:15:32+00:00\",\"dateModified\":\"2026-01-08T18:18:44+00:00\",\"description\":\"As\u00f3ciate con AIP para mejorar el valor para el cliente, aumentar los ingresos e incrementar la rentabilidad. Eleva tu pr\u00e1ctica de asesoramiento con AIP. Ponte en contacto con nosotros\",\"breadcrumb\":{\"@id\":\"https:\\\/\\\/aiplife.com\\\/es\\\/socios-estrategicos\\\/#breadcrumb\"},\"inLanguage\":\"es\",\"potentialAction\":[{\"@type\":\"ReadAction\",\"target\":[\"https:\\\/\\\/aiplife.com\\\/es\\\/socios-estrategicos\\\/\"]}]},{\"@type\":\"BreadcrumbList\",\"@id\":\"https:\\\/\\\/aiplife.com\\\/es\\\/socios-estrategicos\\\/#breadcrumb\",\"itemListElement\":[{\"@type\":\"ListItem\",\"position\":1,\"name\":\"Home\",\"item\":\"https:\\\/\\\/aiplife.com\\\/es\\\/\"},{\"@type\":\"ListItem\",\"position\":2,\"name\":\"Socios Estrat\u00e9gicos\"}]},{\"@type\":\"WebSite\",\"@id\":\"https:\\\/\\\/aiplife.com\\\/es\\\/#website\",\"url\":\"https:\\\/\\\/aiplife.com\\\/es\\\/\",\"name\":\"Advanced Insurance Planning\",\"description\":\"Unique life insurance solutions to protect your legacy\",\"publisher\":{\"@id\":\"https:\\\/\\\/aiplife.com\\\/es\\\/#organization\"},\"potentialAction\":[{\"@type\":\"SearchAction\",\"target\":{\"@type\":\"EntryPoint\",\"urlTemplate\":\"https:\\\/\\\/aiplife.com\\\/es\\\/?s={search_term_string}\"},\"query-input\":{\"@type\":\"PropertyValueSpecification\",\"valueRequired\":true,\"valueName\":\"search_term_string\"}}],\"inLanguage\":\"es\"},{\"@type\":\"Organization\",\"@id\":\"https:\\\/\\\/aiplife.com\\\/es\\\/#organization\",\"name\":\"Advanced Insurance Planning\",\"url\":\"https:\\\/\\\/aiplife.com\\\/es\\\/\",\"logo\":{\"@type\":\"ImageObject\",\"inLanguage\":\"es\",\"@id\":\"https:\\\/\\\/aiplife.com\\\/es\\\/#\\\/schema\\\/logo\\\/image\\\/\",\"url\":\"https:\\\/\\\/i0.wp.com\\\/aiplife.com\\\/wp-content\\\/uploads\\\/2024\\\/06\\\/AIP_LOGO_White_Full-e1748613929348.png?fit=5487%2C2316&ssl=1\",\"contentUrl\":\"https:\\\/\\\/i0.wp.com\\\/aiplife.com\\\/wp-content\\\/uploads\\\/2024\\\/06\\\/AIP_LOGO_White_Full-e1748613929348.png?fit=5487%2C2316&ssl=1\",\"width\":5487,\"height\":2316,\"caption\":\"Advanced Insurance Planning\"},\"image\":{\"@id\":\"https:\\\/\\\/aiplife.com\\\/es\\\/#\\\/schema\\\/logo\\\/image\\\/\"},\"sameAs\":[\"https:\\\/\\\/www.facebook.com\\\/people\\\/AIP-Advanced-Insurance-Planning\\\/61559795111656\\\/\",\"https:\\\/\\\/www.linkedin.com\\\/company\\\/aip-advanced-insurance-planning\"]}]}<\/script>\n<!-- \/ Yoast SEO plugin. -->","yoast_head_json":{"title":"Hazte socio estrat\u00e9gico de AIP - Advanced Insurance Planning","description":"As\u00f3ciate con AIP para mejorar el valor para el cliente, aumentar los ingresos e incrementar la rentabilidad. Eleva tu pr\u00e1ctica de asesoramiento con AIP. Ponte en contacto con nosotros","robots":{"index":"index","follow":"follow","max-snippet":"max-snippet:-1","max-image-preview":"max-image-preview:large","max-video-preview":"max-video-preview:-1"},"canonical":"https:\/\/aiplife.com\/es\/socios-estrategicos\/","og_locale":"es_ES","og_type":"article","og_title":"Hazte socio estrat\u00e9gico de AIP - Advanced Insurance Planning","og_description":"As\u00f3ciate con AIP para mejorar el valor para el cliente, aumentar los ingresos e incrementar la rentabilidad. Eleva tu pr\u00e1ctica de asesoramiento con AIP. Ponte en contacto con nosotros","og_url":"https:\/\/aiplife.com\/es\/socios-estrategicos\/","og_site_name":"Advanced Insurance Planning","article_publisher":"https:\/\/www.facebook.com\/people\/AIP-Advanced-Insurance-Planning\/61559795111656\/","article_modified_time":"2026-01-08T18:18:44+00:00","twitter_card":"summary_large_image","twitter_misc":{"Tiempo de lectura":"1 minuto"},"schema":{"@context":"https:\/\/schema.org","@graph":[{"@type":"WebPage","@id":"https:\/\/aiplife.com\/es\/socios-estrategicos\/","url":"https:\/\/aiplife.com\/es\/socios-estrategicos\/","name":"Hazte socio estrat\u00e9gico de AIP - Advanced Insurance Planning","isPartOf":{"@id":"https:\/\/aiplife.com\/es\/#website"},"datePublished":"2024-05-29T19:15:32+00:00","dateModified":"2026-01-08T18:18:44+00:00","description":"As\u00f3ciate con AIP para mejorar el valor para el cliente, aumentar los ingresos e incrementar la rentabilidad. Eleva tu pr\u00e1ctica de asesoramiento con AIP. Ponte en contacto con nosotros","breadcrumb":{"@id":"https:\/\/aiplife.com\/es\/socios-estrategicos\/#breadcrumb"},"inLanguage":"es","potentialAction":[{"@type":"ReadAction","target":["https:\/\/aiplife.com\/es\/socios-estrategicos\/"]}]},{"@type":"BreadcrumbList","@id":"https:\/\/aiplife.com\/es\/socios-estrategicos\/#breadcrumb","itemListElement":[{"@type":"ListItem","position":1,"name":"Home","item":"https:\/\/aiplife.com\/es\/"},{"@type":"ListItem","position":2,"name":"Socios Estrat\u00e9gicos"}]},{"@type":"WebSite","@id":"https:\/\/aiplife.com\/es\/#website","url":"https:\/\/aiplife.com\/es\/","name":"Advanced Insurance Planning","description":"Unique life insurance solutions to protect your legacy","publisher":{"@id":"https:\/\/aiplife.com\/es\/#organization"},"potentialAction":[{"@type":"SearchAction","target":{"@type":"EntryPoint","urlTemplate":"https:\/\/aiplife.com\/es\/?s={search_term_string}"},"query-input":{"@type":"PropertyValueSpecification","valueRequired":true,"valueName":"search_term_string"}}],"inLanguage":"es"},{"@type":"Organization","@id":"https:\/\/aiplife.com\/es\/#organization","name":"Advanced Insurance Planning","url":"https:\/\/aiplife.com\/es\/","logo":{"@type":"ImageObject","inLanguage":"es","@id":"https:\/\/aiplife.com\/es\/#\/schema\/logo\/image\/","url":"https:\/\/i0.wp.com\/aiplife.com\/wp-content\/uploads\/2024\/06\/AIP_LOGO_White_Full-e1748613929348.png?fit=5487%2C2316&ssl=1","contentUrl":"https:\/\/i0.wp.com\/aiplife.com\/wp-content\/uploads\/2024\/06\/AIP_LOGO_White_Full-e1748613929348.png?fit=5487%2C2316&ssl=1","width":5487,"height":2316,"caption":"Advanced Insurance Planning"},"image":{"@id":"https:\/\/aiplife.com\/es\/#\/schema\/logo\/image\/"},"sameAs":["https:\/\/www.facebook.com\/people\/AIP-Advanced-Insurance-Planning\/61559795111656\/","https:\/\/www.linkedin.com\/company\/aip-advanced-insurance-planning"]}]}},"uagb_featured_image_src":{"full":false,"thumbnail":false,"medium":false,"medium_large":false,"large":false,"1536x1536":false,"2048x2048":false,"newspack-article-block-landscape-large":false,"newspack-article-block-portrait-large":false,"newspack-article-block-square-large":false,"newspack-article-block-landscape-medium":false,"newspack-article-block-portrait-medium":false,"newspack-article-block-square-medium":false,"newspack-article-block-landscape-intermediate":false,"newspack-article-block-portrait-intermediate":false,"newspack-article-block-square-intermediate":false,"newspack-article-block-landscape-small":false,"newspack-article-block-portrait-small":false,"newspack-article-block-square-small":false,"newspack-article-block-landscape-tiny":false,"newspack-article-block-portrait-tiny":false,"newspack-article-block-square-tiny":false,"newspack-article-block-uncropped":false},"uagb_author_info":{"display_name":"advancedinsuranceplanning","author_link":"https:\/\/aiplife.com\/es\/author\/advancedinsuranceplanning\/"},"uagb_comment_info":0,"uagb_excerpt":"Elevaando la Excelencia en Asesoramiento Nuestro Objetivo Nuestro objetivo es crear mejores resultados empresariales para nuestros socios estrat\u00e9gicos. Mediante un asesoramiento integrado en los procesos de nuestros socios, aumentamos el valor para el cliente, aceleramos el crecimiento de la empresa y mejoramos la rentabilidad a largo plazo. Nuestras Convicciones Mantener la competitividad como empresa de&hellip;","jetpack_likes_enabled":false,"jetpack_sharing_enabled":true,"jetpack_shortlink":"https:\/\/wp.me\/PfNBNp-16A","jetpack-related-posts":[{"id":4261,"url":"https:\/\/aiplife.com\/es\/","url_meta":{"origin":4252,"position":0},"title":"Inicio","author":"advancedinsuranceplanning","date":"28 de mayo de 2024","format":false,"excerpt":"Asesoramiento en seguros de vidaSoluciones de seguros de vida a medida para familias acomodadas y empresas privadas de \u00e9xito Descubre nuestros servicios Aportar valor a las generaciones veniderasEn AIP, aprovechamos el poder de los seguros de vida para potenciar a profesionales de \u00e9xito, oficinas familiares y empresas privadas establecidas. Nuestras\u2026","rel":"","context":"Entrada similar","block_context":{"text":"Entrada similar","link":""},"img":{"alt_text":"","src":"https:\/\/i0.wp.com\/aiplife.com\/wp-content\/uploads\/2024\/07\/Website-Casual-High-Res.jpg?resize=350%2C200&ssl=1","width":350,"height":200,"srcset":"https:\/\/i0.wp.com\/aiplife.com\/wp-content\/uploads\/2024\/07\/Website-Casual-High-Res.jpg?resize=350%2C200&ssl=1 1x, https:\/\/i0.wp.com\/aiplife.com\/wp-content\/uploads\/2024\/07\/Website-Casual-High-Res.jpg?resize=525%2C300&ssl=1 1.5x, https:\/\/i0.wp.com\/aiplife.com\/wp-content\/uploads\/2024\/07\/Website-Casual-High-Res.jpg?resize=700%2C400&ssl=1 2x, https:\/\/i0.wp.com\/aiplife.com\/wp-content\/uploads\/2024\/07\/Website-Casual-High-Res.jpg?resize=1050%2C600&ssl=1 3x, https:\/\/i0.wp.com\/aiplife.com\/wp-content\/uploads\/2024\/07\/Website-Casual-High-Res.jpg?resize=1400%2C800&ssl=1 4x"},"classes":[]},{"id":4250,"url":"https:\/\/aiplife.com\/es\/soluciones\/","url_meta":{"origin":4252,"position":1},"title":"Soluciones","author":"advancedinsuranceplanning","date":"28 de mayo de 2024","format":false,"excerpt":"Soluciones personalizadas para sus objetivos \u00fanicos Seguridad financiera integral a largo plazo mediante soluciones de seguros personalizadas Clientes Privados AIP se dedica a maximizar tus inversiones en seguros y a asegurar tu futuro. Empieza aqu\u00ed Socios Estrat\u00e9gicos As\u00f3ciate con AIP para mejorar el valor del cliente mediante la diferenciaci\u00f3n, el\u2026","rel":"","context":"Entrada similar","block_context":{"text":"Entrada similar","link":""},"img":{"alt_text":"step 01 of aip process to tailored insurance solutions","src":"https:\/\/i0.wp.com\/aiplife.com\/wp-content\/uploads\/2021\/03\/01.png?resize=350%2C200&ssl=1","width":350,"height":200},"classes":[]},{"id":4281,"url":"https:\/\/aiplife.com\/pt-br\/parceiros-estrategicos\/","url_meta":{"origin":4252,"position":2},"title":"Parceiros Estrat\u00e9gicos","author":"advancedinsuranceplanning","date":"29 de mayo de 2024","format":false,"excerpt":"Seja um Parceiro Estrat\u00e9gico AIP Excel\u00eancia em Consultoria Nosso ObjetivoNosso objetivo \u00e9 criar melhores resultados comerciais para nossos parceiros estrat\u00e9gicos. Integrando a consultoria aos processos de nossos parceiros, aumentamos o valor apresentado ao cliente, aceleramos o crescimento do neg\u00f3cio e melhoramos a lucratividade a longo prazo. Acreditamos queManter-se competitivo como\u2026","rel":"","context":"Entrada similar","block_context":{"text":"Entrada similar","link":""},"img":{"alt_text":"","src":"","width":0,"height":0},"classes":[]},{"id":4379,"url":"https:\/\/aiplife.com\/es\/asociate-con-asesores-de-seguros-profesionales\/","url_meta":{"origin":4252,"position":3},"title":"As\u00f3ciate con asesores de seguros profesionales","author":"advancedinsuranceplanning","date":"5 de agosto de 2024","format":false,"excerpt":"As\u00f3ciate con asesores de seguros profesionalesEn Advanced Insurance Planning, estamos especializados en ofrecer soluciones de seguros de primer nivel adaptadas a clientes con grandes patrimonios. As\u00f3ciate con nuestros asesores de seguros para mejorar las estrategias que protegen y construyen el patrimonio de tus clientes. Empieza Ofrecemos planificaci\u00f3n estrat\u00e9gica de seguros\u2026","rel":"","context":"Entrada similar","block_context":{"text":"Entrada similar","link":""},"img":{"alt_text":"","src":"","width":0,"height":0},"classes":[]},{"id":4276,"url":"https:\/\/aiplife.com\/es\/sobre-nosotros\/","url_meta":{"origin":4252,"position":4},"title":"Sobre nosotros","author":"advancedinsuranceplanning","date":"28 de mayo de 2024","format":false,"excerpt":"Bienvenido a la AIPDonde nos especializamos en la conservaci\u00f3n del patrimonio y la planificaci\u00f3n del legado Nuestra historiaAdvanced Insurance Planning se basa en un rico legado de experiencia y dedicaci\u00f3n en el sector de los seguros, que abarca tres generaciones. Esta arraigada historia nos ha proporcionado un profundo conocimiento de\u2026","rel":"","context":"Entrada similar","block_context":{"text":"Entrada similar","link":""},"img":{"alt_text":"","src":"https:\/\/i0.wp.com\/aiplife.com\/wp-content\/uploads\/2024\/07\/Michael-Fontanini-VP-Advanced-Planning-and-Design.png?resize=350%2C200&ssl=1","width":350,"height":200,"srcset":"https:\/\/i0.wp.com\/aiplife.com\/wp-content\/uploads\/2024\/07\/Michael-Fontanini-VP-Advanced-Planning-and-Design.png?resize=350%2C200&ssl=1 1x, https:\/\/i0.wp.com\/aiplife.com\/wp-content\/uploads\/2024\/07\/Michael-Fontanini-VP-Advanced-Planning-and-Design.png?resize=525%2C300&ssl=1 1.5x, https:\/\/i0.wp.com\/aiplife.com\/wp-content\/uploads\/2024\/07\/Michael-Fontanini-VP-Advanced-Planning-and-Design.png?resize=700%2C400&ssl=1 2x"},"classes":[]},{"id":4259,"url":"https:\/\/aiplife.com\/pt-br\/inicio\/","url_meta":{"origin":4252,"position":5},"title":"In\u00edcio","author":"advancedinsuranceplanning","date":"28 de mayo de 2024","format":false,"excerpt":"Assessoria em seguros de vidaSolu\u00e7\u00f5es personalizadas de seguro de vida para fam\u00edlias abastadas e empresas privadas bem-sucedidas Descubra nossos servi\u00e7os Proporcionando Valor por Muitas Gera\u00e7\u00f5esNa AIP, canalizamos o poder do seguro de vida para fortalecer profissionais de sucesso, escrit\u00f3rios familiares e empresas privadas estabelecidas. Nossas estrat\u00e9gias centradas nos seguros alinham-se\u2026","rel":"","context":"Entrada similar","block_context":{"text":"Entrada similar","link":""},"img":{"alt_text":"","src":"https:\/\/i0.wp.com\/aiplife.com\/wp-content\/uploads\/2024\/07\/Website-Casual-High-Res.jpg?resize=350%2C200&ssl=1","width":350,"height":200,"srcset":"https:\/\/i0.wp.com\/aiplife.com\/wp-content\/uploads\/2024\/07\/Website-Casual-High-Res.jpg?resize=350%2C200&ssl=1 1x, https:\/\/i0.wp.com\/aiplife.com\/wp-content\/uploads\/2024\/07\/Website-Casual-High-Res.jpg?resize=525%2C300&ssl=1 1.5x, https:\/\/i0.wp.com\/aiplife.com\/wp-content\/uploads\/2024\/07\/Website-Casual-High-Res.jpg?resize=700%2C400&ssl=1 2x, https:\/\/i0.wp.com\/aiplife.com\/wp-content\/uploads\/2024\/07\/Website-Casual-High-Res.jpg?resize=1050%2C600&ssl=1 3x, https:\/\/i0.wp.com\/aiplife.com\/wp-content\/uploads\/2024\/07\/Website-Casual-High-Res.jpg?resize=1400%2C800&ssl=1 4x"},"classes":[]}],"_links":{"self":[{"href":"https:\/\/aiplife.com\/es\/wp-json\/wp\/v2\/pages\/4252","targetHints":{"allow":["GET"]}}],"collection":[{"href":"https:\/\/aiplife.com\/es\/wp-json\/wp\/v2\/pages"}],"about":[{"href":"https:\/\/aiplife.com\/es\/wp-json\/wp\/v2\/types\/page"}],"author":[{"embeddable":true,"href":"https:\/\/aiplife.com\/es\/wp-json\/wp\/v2\/users\/251215881"}],"replies":[{"embeddable":true,"href":"https:\/\/aiplife.com\/es\/wp-json\/wp\/v2\/comments?post=4252"}],"version-history":[{"count":7,"href":"https:\/\/aiplife.com\/es\/wp-json\/wp\/v2\/pages\/4252\/revisions"}],"predecessor-version":[{"id":5626,"href":"https:\/\/aiplife.com\/es\/wp-json\/wp\/v2\/pages\/4252\/revisions\/5626"}],"wp:attachment":[{"href":"https:\/\/aiplife.com\/es\/wp-json\/wp\/v2\/media?parent=4252"}],"curies":[{"name":"wp","href":"https:\/\/api.w.org\/{rel}","templated":true}]}}