{"id":4281,"date":"2024-05-29T15:15:32","date_gmt":"2024-05-29T19:15:32","guid":{"rendered":"https:\/\/aiplife.com\/parceiros-estrategicos\/"},"modified":"2026-01-08T13:18:43","modified_gmt":"2026-01-08T18:18:43","slug":"parceiros-estrategicos","status":"publish","type":"page","link":"https:\/\/aiplife.com\/pt-br\/parceiros-estrategicos\/","title":{"rendered":"Parceiros Estrat\u00e9gicos"},"content":{"rendered":"\n<div class=\"wp-block-uagb-container uagb-block-6c7acc9c alignfull uagb-is-root-container\"><div class=\"uagb-container-inner-blocks-wrap\">\n<div class=\"wp-block-uagb-info-box uagb-block-2bfeb886 uagb-infobox__content-wrap  uagb-infobox-icon-above-title uagb-infobox-image-valign-top\"><div class=\"uagb-ifb-content\"><div class=\"uagb-ifb-title-wrap\"><h1 class=\"uagb-ifb-title\">Seja um Parceiro Estrat\u00e9gico AIP<\/h1><\/div><\/div><\/div>\n<\/div><\/div>\n\n<div class=\"wp-block-uagb-container uagb-block-c87af3ee alignfull uagb-is-root-container\"><div class=\"uagb-container-inner-blocks-wrap\">\n<div class=\"wp-block-uagb-advanced-heading uagb-block-375ba48f\"><div class=\"uagb-separator\"><\/div><h2 class=\"uagb-heading-text\">Excel\u00eancia em Consultoria<\/h2><\/div>\n\n\n\n<div class=\"wp-block-uagb-advanced-heading uagb-block-212933ab\"><h6 class=\"uagb-heading-text\">Nosso Objetivo<\/h6><p class=\"uagb-desc-text\">Nosso objetivo \u00e9 criar melhores resultados comerciais para nossos parceiros estrat\u00e9gicos. Integrando a consultoria aos processos de nossos parceiros, aumentamos o valor apresentado ao cliente, aceleramos o crescimento do neg\u00f3cio e melhoramos a lucratividade a longo prazo. <\/p><\/div>\n\n\n\n<div class=\"wp-block-uagb-advanced-heading uagb-block-1f5ab91a\"><h6 class=\"uagb-heading-text\">Acreditamos que<\/h6><p class=\"uagb-desc-text\">Manter-se competitivo como uma empresa de consultoria profissional est\u00e1 se tornando cada vez mais dif\u00edcil. As abordagens tradicionais n\u00e3o funcionam mais. Na AIP, somos pioneiros em uma abordagem mais eficaz porque entendemos que a capacidade da sua empresa se destacar e manter a lucratividade \u00e9 muito importante para n\u00f3s.   <\/p><\/div>\n<\/div><\/div>\n\n<div class=\"wp-block-uagb-container uagb-block-5fdbf67f alignfull uagb-is-root-container\"><div class=\"uagb-container-inner-blocks-wrap\">\n<div class=\"wp-block-uagb-buttons uagb-buttons__outer-wrap uagb-btn__default-btn uagb-btn-tablet__default-btn uagb-btn-mobile__default-btn uagb-block-f7202940\"><div class=\"uagb-buttons__wrap uagb-buttons-layout-wrap \">\n<div class=\"wp-block-uagb-buttons-child uagb-buttons__outer-wrap uagb-block-4dae0515 wp-block-button\"><div class=\"uagb-button__wrapper\"><a class=\"uagb-buttons-repeater wp-block-button__link\" aria-label=\"\" href=\"https:\/\/aiplife.com\/pt-br\/contato\/\" rel=\"follow noopener\" target=\"_self\" role=\"button\"><div class=\"uagb-button__link\">Entre em contato conosco<\/div><\/a><\/div><\/div>\n<\/div><\/div>\n<\/div><\/div>\n\n<div class=\"wp-block-uagb-advanced-heading uagb-block-c4d5bc0f\"><div class=\"uagb-separator\"><\/div><h2 class=\"uagb-heading-text\">Parceiros Estrat\u00e9gicos AIP<\/h2><p class=\"uagb-desc-text\">Procuramos fazer parcerias com consultores financeiros, contadores e advogados que sejam orientados por processos e motivados a crescer por meio da diferencia\u00e7\u00e3o. Estamos interessados em mais do que um relacionamento de indica\u00e7\u00e3o &#8211; nossos parceiros consideram a AIP uma extens\u00e3o integral de sua pr\u00f3pria empresa. <br\/><br\/>Nossos parceiros estrat\u00e9gicos incluem empresas de servi\u00e7os profissionais j\u00e1 estabelecidas, como escrit\u00f3rios de advocacia, escrit\u00f3rios de contabilidade e consultores de investimentos registrados. A AIP pode ajudar a superar uma variedade de desafios atualmente enfrentados por nossos parceiros.<\/p><\/div>\n\n<div class=\"wp-block-uagb-container uagb-block-d0290fb1 alignfull uagb-is-root-container\"><div class=\"uagb-container-inner-blocks-wrap\">\n<div class=\"wp-block-uagb-info-box uagb-block-43642cab uagb-infobox__content-wrap  uagb-infobox-icon-above-title uagb-infobox-image-valign-top\"><div class=\"uagb-ifb-content\"><div class=\"uagb-ifb-title-wrap\"><h2 class=\"uagb-ifb-title\">Se voc\u00ea estiver interessado em saber mais sobre como a AIP pode ajudar sua empresa a obter melhores resultados comerciais, clique abaixo.<\/h2><\/div><\/div><\/div>\n\n\n\n<div class=\"wp-block-uagb-buttons uagb-buttons__outer-wrap uagb-btn__default-btn uagb-btn-tablet__default-btn uagb-btn-mobile__default-btn uagb-block-2d37d435\"><div class=\"uagb-buttons__wrap uagb-buttons-layout-wrap \">\n<div class=\"wp-block-uagb-buttons-child uagb-buttons__outer-wrap uagb-block-9b1392a9 wp-block-button\"><div class=\"uagb-button__wrapper\"><a class=\"uagb-buttons-repeater wp-block-button__link\" aria-label=\"\" href=\"https:\/\/aiplife.com\/pt-br\/?page_id=4376#sp-contact-form\" rel=\"follow noopener\" target=\"_self\" role=\"button\"><div class=\"uagb-button__link\">Agendar uma reuni\u00e3o<\/div><\/a><\/div><\/div>\n<\/div><\/div>\n<\/div><\/div>\n","protected":false},"excerpt":{"rendered":"<p>Excel\u00eancia em Consultoria Nosso Objetivo Nosso objetivo \u00e9 criar melhores resultados comerciais para nossos parceiros estrat\u00e9gicos. Integrando a consultoria aos processos de nossos parceiros, aumentamos o valor apresentado ao cliente, aceleramos o crescimento do neg\u00f3cio e melhoramos a lucratividade a longo prazo. Acreditamos que Manter-se competitivo como uma empresa de consultoria profissional est\u00e1 se tornando [&hellip;]<\/p>\n","protected":false},"author":251215881,"featured_media":0,"parent":0,"menu_order":0,"comment_status":"closed","ping_status":"closed","template":"","meta":{"_crdt_document":"","_uag_custom_page_level_css":"","site-sidebar-layout":"default","site-content-layout":"","ast-site-content-layout":"default","site-content-style":"default","site-sidebar-style":"default","ast-global-header-display":"","ast-banner-title-visibility":"","ast-main-header-display":"","ast-hfb-above-header-display":"","ast-hfb-below-header-display":"","ast-hfb-mobile-header-display":"","site-post-title":"","ast-breadcrumbs-content":"","ast-featured-img":"","footer-sml-layout":"","ast-disable-related-posts":"","theme-transparent-header-meta":"","adv-header-id-meta":"","stick-header-meta":"","header-above-stick-meta":"","header-main-stick-meta":"","header-below-stick-meta":"","astra-migrate-meta-layouts":"default","ast-page-background-enabled":"default","ast-page-background-meta":{"desktop":{"background-color":"var(--ast-global-color-4)","background-image":"","background-repeat":"repeat","background-position":"center center","background-size":"auto","background-attachment":"scroll","background-type":"","background-media":"","overlay-type":"","overlay-color":"","overlay-opacity":"","overlay-gradient":""},"tablet":{"background-color":"","background-image":"","background-repeat":"repeat","background-position":"center center","background-size":"auto","background-attachment":"scroll","background-type":"","background-media":"","overlay-type":"","overlay-color":"","overlay-opacity":"","overlay-gradient":""},"mobile":{"background-color":"","background-image":"","background-repeat":"repeat","background-position":"center center","background-size":"auto","background-attachment":"scroll","background-type":"","background-media":"","overlay-type":"","overlay-color":"","overlay-opacity":"","overlay-gradient":""}},"ast-content-background-meta":{"desktop":{"background-color":"var(--ast-global-color-5)","background-image":"","background-repeat":"repeat","background-position":"center center","background-size":"auto","background-attachment":"scroll","background-type":"","background-media":"","overlay-type":"","overlay-color":"","overlay-opacity":"","overlay-gradient":""},"tablet":{"background-color":"var(--ast-global-color-5)","background-image":"","background-repeat":"repeat","background-position":"center center","background-size":"auto","background-attachment":"scroll","background-type":"","background-media":"","overlay-type":"","overlay-color":"","overlay-opacity":"","overlay-gradient":""},"mobile":{"background-color":"var(--ast-global-color-5)","background-image":"","background-repeat":"repeat","background-position":"center center","background-size":"auto","background-attachment":"scroll","background-type":"","background-media":"","overlay-type":"","overlay-color":"","overlay-opacity":"","overlay-gradient":""}},"footnotes":""},"class_list":["post-4281","page","type-page","status-publish","hentry"],"yoast_head":"<!-- This site is optimized with the Yoast SEO plugin v27.6 - https:\/\/yoast.com\/product\/yoast-seo-wordpress\/ -->\n<title>Seja um Parceiro Estrat\u00e9gico AIP - Advanced Insurance Planning<\/title>\n<meta name=\"description\" content=\"Fa\u00e7a parceria com a AIP para aumentar o valor ao cliente, a receita e a lucratividade. Eleve sua pr\u00e1tica de consultoria com a AIP. Entre em contato conosco!\" \/>\n<meta name=\"robots\" content=\"index, follow, max-snippet:-1, max-image-preview:large, max-video-preview:-1\" \/>\n<link rel=\"canonical\" href=\"https:\/\/aiplife.com\/pt-br\/parceiros-estrategicos\/\" \/>\n<meta property=\"og:locale\" content=\"pt_BR\" \/>\n<meta property=\"og:type\" content=\"article\" \/>\n<meta property=\"og:title\" content=\"Seja um Parceiro Estrat\u00e9gico AIP - Advanced Insurance Planning\" \/>\n<meta property=\"og:description\" content=\"Fa\u00e7a parceria com a AIP para aumentar o valor ao cliente, a receita e a lucratividade. Eleve sua pr\u00e1tica de consultoria com a AIP. Entre em contato conosco!\" \/>\n<meta property=\"og:url\" content=\"https:\/\/aiplife.com\/pt-br\/parceiros-estrategicos\/\" \/>\n<meta property=\"og:site_name\" content=\"Advanced Insurance Planning\" \/>\n<meta property=\"article:publisher\" content=\"https:\/\/www.facebook.com\/people\/AIP-Advanced-Insurance-Planning\/61559795111656\/\" \/>\n<meta property=\"article:modified_time\" content=\"2026-01-08T18:18:43+00:00\" \/>\n<meta name=\"twitter:card\" content=\"summary_large_image\" \/>\n<meta name=\"twitter:label1\" content=\"Est. tempo de leitura\" \/>\n\t<meta name=\"twitter:data1\" content=\"1 minuto\" \/>\n<script type=\"application\/ld+json\" class=\"yoast-schema-graph\">{\"@context\":\"https:\\\/\\\/schema.org\",\"@graph\":[{\"@type\":\"WebPage\",\"@id\":\"https:\\\/\\\/aiplife.com\\\/pt-br\\\/parceiros-estrategicos\\\/\",\"url\":\"https:\\\/\\\/aiplife.com\\\/pt-br\\\/parceiros-estrategicos\\\/\",\"name\":\"Seja um Parceiro Estrat\u00e9gico AIP - Advanced Insurance Planning\",\"isPartOf\":{\"@id\":\"https:\\\/\\\/aiplife.com\\\/pt-br\\\/#website\"},\"datePublished\":\"2024-05-29T19:15:32+00:00\",\"dateModified\":\"2026-01-08T18:18:43+00:00\",\"description\":\"Fa\u00e7a parceria com a AIP para aumentar o valor ao cliente, a receita e a lucratividade. Eleve sua pr\u00e1tica de consultoria com a AIP. Entre em contato conosco!\",\"breadcrumb\":{\"@id\":\"https:\\\/\\\/aiplife.com\\\/pt-br\\\/parceiros-estrategicos\\\/#breadcrumb\"},\"inLanguage\":\"pt-BR\",\"potentialAction\":[{\"@type\":\"ReadAction\",\"target\":[\"https:\\\/\\\/aiplife.com\\\/pt-br\\\/parceiros-estrategicos\\\/\"]}]},{\"@type\":\"BreadcrumbList\",\"@id\":\"https:\\\/\\\/aiplife.com\\\/pt-br\\\/parceiros-estrategicos\\\/#breadcrumb\",\"itemListElement\":[{\"@type\":\"ListItem\",\"position\":1,\"name\":\"Home\",\"item\":\"https:\\\/\\\/aiplife.com\\\/pt-br\\\/\"},{\"@type\":\"ListItem\",\"position\":2,\"name\":\"Parceiros Estrat\u00e9gicos\"}]},{\"@type\":\"WebSite\",\"@id\":\"https:\\\/\\\/aiplife.com\\\/pt-br\\\/#website\",\"url\":\"https:\\\/\\\/aiplife.com\\\/pt-br\\\/\",\"name\":\"Advanced Insurance Planning\",\"description\":\"Unique life insurance solutions to protect your legacy\",\"publisher\":{\"@id\":\"https:\\\/\\\/aiplife.com\\\/pt-br\\\/#organization\"},\"potentialAction\":[{\"@type\":\"SearchAction\",\"target\":{\"@type\":\"EntryPoint\",\"urlTemplate\":\"https:\\\/\\\/aiplife.com\\\/pt-br\\\/?s={search_term_string}\"},\"query-input\":{\"@type\":\"PropertyValueSpecification\",\"valueRequired\":true,\"valueName\":\"search_term_string\"}}],\"inLanguage\":\"pt-BR\"},{\"@type\":\"Organization\",\"@id\":\"https:\\\/\\\/aiplife.com\\\/pt-br\\\/#organization\",\"name\":\"Advanced Insurance Planning\",\"url\":\"https:\\\/\\\/aiplife.com\\\/pt-br\\\/\",\"logo\":{\"@type\":\"ImageObject\",\"inLanguage\":\"pt-BR\",\"@id\":\"https:\\\/\\\/aiplife.com\\\/pt-br\\\/#\\\/schema\\\/logo\\\/image\\\/\",\"url\":\"https:\\\/\\\/i0.wp.com\\\/aiplife.com\\\/wp-content\\\/uploads\\\/2024\\\/06\\\/AIP_LOGO_White_Full-e1748613929348.png?fit=5487%2C2316&ssl=1\",\"contentUrl\":\"https:\\\/\\\/i0.wp.com\\\/aiplife.com\\\/wp-content\\\/uploads\\\/2024\\\/06\\\/AIP_LOGO_White_Full-e1748613929348.png?fit=5487%2C2316&ssl=1\",\"width\":5487,\"height\":2316,\"caption\":\"Advanced Insurance Planning\"},\"image\":{\"@id\":\"https:\\\/\\\/aiplife.com\\\/pt-br\\\/#\\\/schema\\\/logo\\\/image\\\/\"},\"sameAs\":[\"https:\\\/\\\/www.facebook.com\\\/people\\\/AIP-Advanced-Insurance-Planning\\\/61559795111656\\\/\",\"https:\\\/\\\/www.linkedin.com\\\/company\\\/aip-advanced-insurance-planning\"]}]}<\/script>\n<!-- \/ Yoast SEO plugin. -->","yoast_head_json":{"title":"Seja um Parceiro Estrat\u00e9gico AIP - Advanced Insurance Planning","description":"Fa\u00e7a parceria com a AIP para aumentar o valor ao cliente, a receita e a lucratividade. Eleve sua pr\u00e1tica de consultoria com a AIP. Entre em contato conosco!","robots":{"index":"index","follow":"follow","max-snippet":"max-snippet:-1","max-image-preview":"max-image-preview:large","max-video-preview":"max-video-preview:-1"},"canonical":"https:\/\/aiplife.com\/pt-br\/parceiros-estrategicos\/","og_locale":"pt_BR","og_type":"article","og_title":"Seja um Parceiro Estrat\u00e9gico AIP - Advanced Insurance Planning","og_description":"Fa\u00e7a parceria com a AIP para aumentar o valor ao cliente, a receita e a lucratividade. Eleve sua pr\u00e1tica de consultoria com a AIP. Entre em contato conosco!","og_url":"https:\/\/aiplife.com\/pt-br\/parceiros-estrategicos\/","og_site_name":"Advanced Insurance Planning","article_publisher":"https:\/\/www.facebook.com\/people\/AIP-Advanced-Insurance-Planning\/61559795111656\/","article_modified_time":"2026-01-08T18:18:43+00:00","twitter_card":"summary_large_image","twitter_misc":{"Est. tempo de leitura":"1 minuto"},"schema":{"@context":"https:\/\/schema.org","@graph":[{"@type":"WebPage","@id":"https:\/\/aiplife.com\/pt-br\/parceiros-estrategicos\/","url":"https:\/\/aiplife.com\/pt-br\/parceiros-estrategicos\/","name":"Seja um Parceiro Estrat\u00e9gico AIP - Advanced Insurance Planning","isPartOf":{"@id":"https:\/\/aiplife.com\/pt-br\/#website"},"datePublished":"2024-05-29T19:15:32+00:00","dateModified":"2026-01-08T18:18:43+00:00","description":"Fa\u00e7a parceria com a AIP para aumentar o valor ao cliente, a receita e a lucratividade. Eleve sua pr\u00e1tica de consultoria com a AIP. Entre em contato conosco!","breadcrumb":{"@id":"https:\/\/aiplife.com\/pt-br\/parceiros-estrategicos\/#breadcrumb"},"inLanguage":"pt-BR","potentialAction":[{"@type":"ReadAction","target":["https:\/\/aiplife.com\/pt-br\/parceiros-estrategicos\/"]}]},{"@type":"BreadcrumbList","@id":"https:\/\/aiplife.com\/pt-br\/parceiros-estrategicos\/#breadcrumb","itemListElement":[{"@type":"ListItem","position":1,"name":"Home","item":"https:\/\/aiplife.com\/pt-br\/"},{"@type":"ListItem","position":2,"name":"Parceiros Estrat\u00e9gicos"}]},{"@type":"WebSite","@id":"https:\/\/aiplife.com\/pt-br\/#website","url":"https:\/\/aiplife.com\/pt-br\/","name":"Advanced Insurance Planning","description":"Unique life insurance solutions to protect your legacy","publisher":{"@id":"https:\/\/aiplife.com\/pt-br\/#organization"},"potentialAction":[{"@type":"SearchAction","target":{"@type":"EntryPoint","urlTemplate":"https:\/\/aiplife.com\/pt-br\/?s={search_term_string}"},"query-input":{"@type":"PropertyValueSpecification","valueRequired":true,"valueName":"search_term_string"}}],"inLanguage":"pt-BR"},{"@type":"Organization","@id":"https:\/\/aiplife.com\/pt-br\/#organization","name":"Advanced Insurance Planning","url":"https:\/\/aiplife.com\/pt-br\/","logo":{"@type":"ImageObject","inLanguage":"pt-BR","@id":"https:\/\/aiplife.com\/pt-br\/#\/schema\/logo\/image\/","url":"https:\/\/i0.wp.com\/aiplife.com\/wp-content\/uploads\/2024\/06\/AIP_LOGO_White_Full-e1748613929348.png?fit=5487%2C2316&ssl=1","contentUrl":"https:\/\/i0.wp.com\/aiplife.com\/wp-content\/uploads\/2024\/06\/AIP_LOGO_White_Full-e1748613929348.png?fit=5487%2C2316&ssl=1","width":5487,"height":2316,"caption":"Advanced Insurance Planning"},"image":{"@id":"https:\/\/aiplife.com\/pt-br\/#\/schema\/logo\/image\/"},"sameAs":["https:\/\/www.facebook.com\/people\/AIP-Advanced-Insurance-Planning\/61559795111656\/","https:\/\/www.linkedin.com\/company\/aip-advanced-insurance-planning"]}]}},"uagb_featured_image_src":{"full":false,"thumbnail":false,"medium":false,"medium_large":false,"large":false,"1536x1536":false,"2048x2048":false,"newspack-article-block-landscape-large":false,"newspack-article-block-portrait-large":false,"newspack-article-block-square-large":false,"newspack-article-block-landscape-medium":false,"newspack-article-block-portrait-medium":false,"newspack-article-block-square-medium":false,"newspack-article-block-landscape-intermediate":false,"newspack-article-block-portrait-intermediate":false,"newspack-article-block-square-intermediate":false,"newspack-article-block-landscape-small":false,"newspack-article-block-portrait-small":false,"newspack-article-block-square-small":false,"newspack-article-block-landscape-tiny":false,"newspack-article-block-portrait-tiny":false,"newspack-article-block-square-tiny":false,"newspack-article-block-uncropped":false},"uagb_author_info":{"display_name":"advancedinsuranceplanning","author_link":"https:\/\/aiplife.com\/pt-br\/author\/advancedinsuranceplanning\/"},"uagb_comment_info":0,"uagb_excerpt":"Excel\u00eancia em Consultoria Nosso Objetivo Nosso objetivo \u00e9 criar melhores resultados comerciais para nossos parceiros estrat\u00e9gicos. Integrando a consultoria aos processos de nossos parceiros, aumentamos o valor apresentado ao cliente, aceleramos o crescimento do neg\u00f3cio e melhoramos a lucratividade a longo prazo. Acreditamos que Manter-se competitivo como uma empresa de consultoria profissional est\u00e1 se tornando&hellip;","jetpack_likes_enabled":false,"jetpack_sharing_enabled":true,"jetpack_shortlink":"https:\/\/wp.me\/PfNBNp-173","jetpack-related-posts":[{"id":4248,"url":"https:\/\/aiplife.com\/pt-br\/solucoes\/","url_meta":{"origin":4281,"position":0},"title":"Solu\u00e7\u00f5es","author":"advancedinsuranceplanning","date":"28 de maio de 2024","format":false,"excerpt":"Solu\u00e7\u00f5es Personalizadas Para Seus Objetivos \u00danicos Seguran\u00e7a financeira abrangente a longo prazo por meio de solu\u00e7\u00f5es de seguro personalizadas Clientes Particulares A AIP se dedica a maximizar seus investimentos em seguros e assegurar seu futuro. Comece aqui Parceiros Estrat\u00e9gicos Seja nosso parceiro para aumentar o valor ao cliente por meio\u2026","rel":"","context":"Post similar","block_context":{"text":"Post similar","link":""},"img":{"alt_text":"step 01 of aip process to tailored insurance solutions","src":"https:\/\/i0.wp.com\/aiplife.com\/wp-content\/uploads\/2021\/03\/01.png?resize=350%2C200&ssl=1","width":350,"height":200},"classes":[]},{"id":4259,"url":"https:\/\/aiplife.com\/pt-br\/","url_meta":{"origin":4281,"position":1},"title":"In\u00edcio","author":"advancedinsuranceplanning","date":"28 de maio de 2024","format":false,"excerpt":"Assessoria em seguros de vidaSolu\u00e7\u00f5es personalizadas de seguro de vida para fam\u00edlias abastadas e empresas privadas bem-sucedidas Descubra nossos servi\u00e7os Proporcionando Valor por Muitas Gera\u00e7\u00f5esNa AIP, canalizamos o poder do seguro de vida para fortalecer profissionais de sucesso, escrit\u00f3rios familiares e empresas privadas estabelecidas. Nossas estrat\u00e9gias centradas nos seguros alinham-se\u2026","rel":"","context":"Post similar","block_context":{"text":"Post similar","link":""},"img":{"alt_text":"","src":"https:\/\/i0.wp.com\/aiplife.com\/wp-content\/uploads\/2024\/07\/Website-Casual-High-Res.jpg?resize=350%2C200&ssl=1","width":350,"height":200,"srcset":"https:\/\/i0.wp.com\/aiplife.com\/wp-content\/uploads\/2024\/07\/Website-Casual-High-Res.jpg?resize=350%2C200&ssl=1 1x, https:\/\/i0.wp.com\/aiplife.com\/wp-content\/uploads\/2024\/07\/Website-Casual-High-Res.jpg?resize=525%2C300&ssl=1 1.5x, https:\/\/i0.wp.com\/aiplife.com\/wp-content\/uploads\/2024\/07\/Website-Casual-High-Res.jpg?resize=700%2C400&ssl=1 2x, https:\/\/i0.wp.com\/aiplife.com\/wp-content\/uploads\/2024\/07\/Website-Casual-High-Res.jpg?resize=1050%2C600&ssl=1 3x, https:\/\/i0.wp.com\/aiplife.com\/wp-content\/uploads\/2024\/07\/Website-Casual-High-Res.jpg?resize=1400%2C800&ssl=1 4x"},"classes":[]},{"id":4252,"url":"https:\/\/aiplife.com\/es\/socios-estrategicos\/","url_meta":{"origin":4281,"position":2},"title":"Socios Estrat\u00e9gicos","author":"advancedinsuranceplanning","date":"29 de maio de 2024","format":false,"excerpt":"Hazte Socio Estrat\u00e9gico de AIP Elevaando la Excelencia en Asesoramiento Nuestro ObjetivoNuestro objetivo es crear mejores resultados empresariales para nuestros socios estrat\u00e9gicos. Mediante un asesoramiento integrado en los procesos de nuestros socios, aumentamos el valor para el cliente, aceleramos el crecimiento de la empresa y mejoramos la rentabilidad a largo\u2026","rel":"","context":"Post similar","block_context":{"text":"Post similar","link":""},"img":{"alt_text":"","src":"","width":0,"height":0},"classes":[]},{"id":4275,"url":"https:\/\/aiplife.com\/pt-br\/sobre-nos\/","url_meta":{"origin":4281,"position":3},"title":"Sobre n\u00f3s","author":"advancedinsuranceplanning","date":"28 de maio de 2024","format":false,"excerpt":"Bem-vindo \u00e0 AIPSomos especializados em preserva\u00e7\u00e3o de patrim\u00f4nio e planejamento de legado Nossa hist\u00f3riaA Advanced Insurance Planning traz como base um rico legado de experi\u00eancia e dedica\u00e7\u00e3o no setor de seguros, que abrange tr\u00eas gera\u00e7\u00f5es. Essas ra\u00edzes nos deram um profundo entendimento dos valores do setor e da import\u00e2ncia do\u2026","rel":"","context":"Post similar","block_context":{"text":"Post similar","link":""},"img":{"alt_text":"","src":"https:\/\/i0.wp.com\/aiplife.com\/wp-content\/uploads\/2024\/07\/Michael-Fontanini-VP-Advanced-Planning-and-Design.png?resize=350%2C200&ssl=1","width":350,"height":200,"srcset":"https:\/\/i0.wp.com\/aiplife.com\/wp-content\/uploads\/2024\/07\/Michael-Fontanini-VP-Advanced-Planning-and-Design.png?resize=350%2C200&ssl=1 1x, https:\/\/i0.wp.com\/aiplife.com\/wp-content\/uploads\/2024\/07\/Michael-Fontanini-VP-Advanced-Planning-and-Design.png?resize=525%2C300&ssl=1 1.5x, https:\/\/i0.wp.com\/aiplife.com\/wp-content\/uploads\/2024\/07\/Michael-Fontanini-VP-Advanced-Planning-and-Design.png?resize=700%2C400&ssl=1 2x"},"classes":[]},{"id":4261,"url":"https:\/\/aiplife.com\/es\/inicio\/","url_meta":{"origin":4281,"position":4},"title":"Inicio","author":"advancedinsuranceplanning","date":"28 de maio de 2024","format":false,"excerpt":"Asesoramiento en seguros de vidaSoluciones de seguros de vida a medida para familias acomodadas y empresas privadas de \u00e9xito Descubre nuestros servicios Aportar valor a las generaciones veniderasEn AIP, aprovechamos el poder de los seguros de vida para potenciar a profesionales de \u00e9xito, oficinas familiares y empresas privadas establecidas. Nuestras\u2026","rel":"","context":"Post similar","block_context":{"text":"Post similar","link":""},"img":{"alt_text":"","src":"https:\/\/i0.wp.com\/aiplife.com\/wp-content\/uploads\/2024\/07\/Website-Casual-High-Res.jpg?resize=350%2C200&ssl=1","width":350,"height":200,"srcset":"https:\/\/i0.wp.com\/aiplife.com\/wp-content\/uploads\/2024\/07\/Website-Casual-High-Res.jpg?resize=350%2C200&ssl=1 1x, https:\/\/i0.wp.com\/aiplife.com\/wp-content\/uploads\/2024\/07\/Website-Casual-High-Res.jpg?resize=525%2C300&ssl=1 1.5x, https:\/\/i0.wp.com\/aiplife.com\/wp-content\/uploads\/2024\/07\/Website-Casual-High-Res.jpg?resize=700%2C400&ssl=1 2x, https:\/\/i0.wp.com\/aiplife.com\/wp-content\/uploads\/2024\/07\/Website-Casual-High-Res.jpg?resize=1050%2C600&ssl=1 3x, https:\/\/i0.wp.com\/aiplife.com\/wp-content\/uploads\/2024\/07\/Website-Casual-High-Res.jpg?resize=1400%2C800&ssl=1 4x"},"classes":[]},{"id":4250,"url":"https:\/\/aiplife.com\/es\/soluciones\/","url_meta":{"origin":4281,"position":5},"title":"Soluciones","author":"advancedinsuranceplanning","date":"28 de maio de 2024","format":false,"excerpt":"Soluciones personalizadas para sus objetivos \u00fanicos Seguridad financiera integral a largo plazo mediante soluciones de seguros personalizadas Clientes Privados AIP se dedica a maximizar tus inversiones en seguros y a asegurar tu futuro. Empieza aqu\u00ed Socios Estrat\u00e9gicos As\u00f3ciate con AIP para mejorar el valor del cliente mediante la diferenciaci\u00f3n, el\u2026","rel":"","context":"Post similar","block_context":{"text":"Post similar","link":""},"img":{"alt_text":"step 01 of aip process to tailored insurance solutions","src":"https:\/\/i0.wp.com\/aiplife.com\/wp-content\/uploads\/2021\/03\/01.png?resize=350%2C200&ssl=1","width":350,"height":200},"classes":[]}],"_links":{"self":[{"href":"https:\/\/aiplife.com\/pt-br\/wp-json\/wp\/v2\/pages\/4281","targetHints":{"allow":["GET"]}}],"collection":[{"href":"https:\/\/aiplife.com\/pt-br\/wp-json\/wp\/v2\/pages"}],"about":[{"href":"https:\/\/aiplife.com\/pt-br\/wp-json\/wp\/v2\/types\/page"}],"author":[{"embeddable":true,"href":"https:\/\/aiplife.com\/pt-br\/wp-json\/wp\/v2\/users\/251215881"}],"replies":[{"embeddable":true,"href":"https:\/\/aiplife.com\/pt-br\/wp-json\/wp\/v2\/comments?post=4281"}],"version-history":[{"count":6,"href":"https:\/\/aiplife.com\/pt-br\/wp-json\/wp\/v2\/pages\/4281\/revisions"}],"predecessor-version":[{"id":5625,"href":"https:\/\/aiplife.com\/pt-br\/wp-json\/wp\/v2\/pages\/4281\/revisions\/5625"}],"wp:attachment":[{"href":"https:\/\/aiplife.com\/pt-br\/wp-json\/wp\/v2\/media?parent=4281"}],"curies":[{"name":"wp","href":"https:\/\/api.w.org\/{rel}","templated":true}]}}